{"id":692,"date":"2023-09-25T18:03:25","date_gmt":"2023-09-25T16:03:25","guid":{"rendered":"https:\/\/datascope.cz\/domains\/datascope.cz\/?page_id=692"},"modified":"2026-02-09T19:19:33","modified_gmt":"2026-02-09T18:19:33","slug":"rezervace-intermediate-skoleni","status":"publish","type":"page","link":"https:\/\/datascope.cz\/cs\/rezervace-intermediate-skoleni\/","title":{"rendered":"Rezervace Intermediate \u0161kolen\u00ed"},"content":{"rendered":"\t\t<div data-elementor-type=\"wp-page\" data-elementor-id=\"692\" class=\"elementor elementor-692\" data-elementor-post-type=\"page\">\n\t\t\t\t<div class=\"elementor-element elementor-element-e482be6 e-flex e-con-boxed e-con e-parent\" data-id=\"e482be6\" data-element_type=\"container\" data-settings=\"{&quot;background_background&quot;:&quot;gradient&quot;}\">\n\t\t\t\t\t<div class=\"e-con-inner\">\n\t\t<div class=\"elementor-element elementor-element-8ecf818 e-con-full e-flex e-con e-child\" data-id=\"8ecf818\" data-element_type=\"container\">\n\t\t\t\t<div class=\"elementor-element elementor-element-76026cc elementor-widget elementor-widget-heading\" data-id=\"76026cc\" data-element_type=\"widget\" data-widget_type=\"heading.default\">\n\t\t\t\t<div class=\"elementor-widget-container\">\n\t\t\t\t\t<h2 class=\"elementor-heading-title elementor-size-default\">Rezervace Tableau \u0161kolen\u00ed Intermediate<\/h2>\t\t\t\t<\/div>\n\t\t\t\t<\/div>\n\t\t\t\t<div class=\"elementor-element elementor-element-b8dc437 elementor-widget elementor-widget-text-editor\" data-id=\"b8dc437\" data-element_type=\"widget\" data-widget_type=\"text-editor.default\">\n\t\t\t\t<div class=\"elementor-widget-container\">\n\t\t\t\t\t\t\t\t\t<p>Jsme r\u00e1di, \u017ee m\u00e1te z\u00e1jem o dvoudenn\u00ed Tableau \u0161kolen\u00ed Intermediate. Pros\u00edm vypl\u0148te registra\u010dn\u00ed formul\u00e1\u0159.<\/p>\t\t\t\t\t\t\t\t<\/div>\n\t\t\t\t<\/div>\n\t\t\t\t<\/div>\n\t\t<div class=\"elementor-element elementor-element-310b561 e-con-full e-flex e-con e-child\" data-id=\"310b561\" data-element_type=\"container\">\n\t\t\t\t<div class=\"elementor-element elementor-element-bee98fa elementor-widget__width-initial elementor-button-align-stretch elementor-widget elementor-widget-form\" data-id=\"bee98fa\" data-element_type=\"widget\" data-settings=\"{&quot;step_next_label&quot;:&quot;Next&quot;,&quot;step_previous_label&quot;:&quot;Previous&quot;,&quot;button_width&quot;:&quot;100&quot;,&quot;step_type&quot;:&quot;number_text&quot;,&quot;step_icon_shape&quot;:&quot;circle&quot;}\" data-widget_type=\"form.default\">\n\t\t\t\t<div class=\"elementor-widget-container\">\n\t\t\t\t\t\t\t<form class=\"elementor-form\" method=\"post\" name=\"New Form\" aria-label=\"New Form\">\n\t\t\t<input type=\"hidden\" name=\"post_id\" value=\"692\"\/>\n\t\t\t<input type=\"hidden\" name=\"form_id\" value=\"bee98fa\"\/>\n\t\t\t<input type=\"hidden\" name=\"referer_title\" value=\"Rezervace Intermediate \u0161kolen\u00ed - Datascope\" \/>\n\n\t\t\t\t\t\t\t<input type=\"hidden\" name=\"queried_id\" value=\"692\"\/>\n\t\t\t\n\t\t\t<div class=\"elementor-form-fields-wrapper elementor-labels-above\">\n\t\t\t\t\t\t\t\t<div class=\"elementor-field-type-radio elementor-field-group elementor-column elementor-field-group-termin elementor-col-100 elementor-field-required elementor-mark-required\">\n\t\t\t\t\t\t\t\t\t\t\t\t<label for=\"form-field-termin\" class=\"elementor-field-label\">\n\t\t\t\t\t\t\t\tM\u00e1m z\u00e1jem o \u0161kolen\u00ed v term\u00ednu:\t\t\t\t\t\t\t<\/label>\n\t\t\t\t\t\t<div class=\"elementor-field-subgroup  \"><span class=\"elementor-field-option\"><input type=\"radio\" value=\"25-26.3.2026\" id=\"form-field-termin-0\" name=\"form_fields[termin]\" required=\"required\"> <label for=\"form-field-termin-0\">25-26.3.2026<\/label><\/span><span class=\"elementor-field-option\"><input type=\"radio\" value=\"27-28.3.2026\" id=\"form-field-termin-1\" name=\"form_fields[termin]\" required=\"required\"> <label for=\"form-field-termin-1\">27-28.3.2026<\/label><\/span><\/div>\t\t\t\t<\/div>\n\t\t\t\t\t\t\t\t<div class=\"elementor-field-type-hidden elementor-field-group elementor-column elementor-field-group-skoleni elementor-col-100\">\n\t\t\t\t\t\t\t\t\t\t\t\t\t<input size=\"1\" type=\"hidden\" name=\"form_fields[skoleni]\" id=\"form-field-skoleni\" class=\"elementor-field elementor-size-sm  elementor-field-textual\">\n\t\t\t\t\t\t\t\t\t\t\t<\/div>\n\t\t\t\t\t\t\t\t<div class=\"elementor-field-type-text elementor-field-group elementor-column elementor-field-group-field_efcea4d elementor-col-100 elementor-field-required elementor-mark-required\">\n\t\t\t\t\t\t\t\t\t\t\t\t<label for=\"form-field-field_efcea4d\" class=\"elementor-field-label\">\n\t\t\t\t\t\t\t\tJm\u00e9no\t\t\t\t\t\t\t<\/label>\n\t\t\t\t\t\t\t\t\t\t\t\t\t\t<input size=\"1\" type=\"text\" name=\"form_fields[field_efcea4d]\" id=\"form-field-field_efcea4d\" class=\"elementor-field elementor-size-sm  elementor-field-textual\" required=\"required\">\n\t\t\t\t\t\t\t\t\t\t\t<\/div>\n\t\t\t\t\t\t\t\t<div class=\"elementor-field-type-text elementor-field-group elementor-column elementor-field-group-prijmeni elementor-col-100 elementor-field-required elementor-mark-required\">\n\t\t\t\t\t\t\t\t\t\t\t\t<label for=\"form-field-prijmeni\" class=\"elementor-field-label\">\n\t\t\t\t\t\t\t\tP\u0159ijmen\u00ed\t\t\t\t\t\t\t<\/label>\n\t\t\t\t\t\t\t\t\t\t\t\t\t\t<input size=\"1\" type=\"text\" name=\"form_fields[prijmeni]\" id=\"form-field-prijmeni\" class=\"elementor-field elementor-size-sm  elementor-field-textual\" required=\"required\">\n\t\t\t\t\t\t\t\t\t\t\t<\/div>\n\t\t\t\t\t\t\t\t<div class=\"elementor-field-type-email elementor-field-group elementor-column elementor-field-group-email elementor-col-100 elementor-field-required elementor-mark-required\">\n\t\t\t\t\t\t\t\t\t\t\t\t<label for=\"form-field-email\" class=\"elementor-field-label\">\n\t\t\t\t\t\t\t\tEmail\t\t\t\t\t\t\t<\/label>\n\t\t\t\t\t\t\t\t\t\t\t\t\t\t<input size=\"1\" type=\"email\" name=\"form_fields[email]\" id=\"form-field-email\" class=\"elementor-field elementor-size-sm  elementor-field-textual\" required=\"required\">\n\t\t\t\t\t\t\t\t\t\t\t<\/div>\n\t\t\t\t\t\t\t\t<div class=\"elementor-field-type-tel elementor-field-group elementor-column elementor-field-group-telefon elementor-col-100 elementor-field-required elementor-mark-required\">\n\t\t\t\t\t\t\t\t\t\t\t\t<label for=\"form-field-telefon\" class=\"elementor-field-label\">\n\t\t\t\t\t\t\t\tTelefon\t\t\t\t\t\t\t<\/label>\n\t\t\t\t\t\t\t\t<input size=\"1\" type=\"tel\" name=\"form_fields[telefon]\" id=\"form-field-telefon\" class=\"elementor-field elementor-size-sm  elementor-field-textual\" required=\"required\" pattern=\"[0-9()#&amp;+*-=.]+\" title=\"Only numbers and phone characters (#, -, *, etc) are accepted.\">\n\n\t\t\t\t\t\t<\/div>\n\t\t\t\t\t\t\t\t<div class=\"elementor-field-type-text elementor-field-group elementor-column elementor-field-group-firma elementor-col-100 elementor-field-required elementor-mark-required\">\n\t\t\t\t\t\t\t\t\t\t\t\t<label for=\"form-field-firma\" class=\"elementor-field-label\">\n\t\t\t\t\t\t\t\tN\u00e1zev firmy\t\t\t\t\t\t\t<\/label>\n\t\t\t\t\t\t\t\t\t\t\t\t\t\t<input size=\"1\" type=\"text\" name=\"form_fields[firma]\" id=\"form-field-firma\" class=\"elementor-field elementor-size-sm  elementor-field-textual\" required=\"required\">\n\t\t\t\t\t\t\t\t\t\t\t<\/div>\n\t\t\t\t\t\t\t\t<div class=\"elementor-field-type-text elementor-field-group elementor-column elementor-field-group-ico elementor-col-100 elementor-field-required elementor-mark-required\">\n\t\t\t\t\t\t\t\t\t\t\t\t<label for=\"form-field-ico\" class=\"elementor-field-label\">\n\t\t\t\t\t\t\t\tI\u010cO\t\t\t\t\t\t\t<\/label>\n\t\t\t\t\t\t\t\t\t\t\t\t\t\t<input size=\"1\" type=\"text\" name=\"form_fields[ico]\" id=\"form-field-ico\" class=\"elementor-field elementor-size-sm  elementor-field-textual\" required=\"required\">\n\t\t\t\t\t\t\t\t\t\t\t<\/div>\n\t\t\t\t\t\t\t\t<div class=\"elementor-field-type-text elementor-field-group elementor-column elementor-field-group-adresa elementor-col-100 elementor-field-required elementor-mark-required\">\n\t\t\t\t\t\t\t\t\t\t\t\t<label for=\"form-field-adresa\" class=\"elementor-field-label\">\n\t\t\t\t\t\t\t\tAdresa\t\t\t\t\t\t\t<\/label>\n\t\t\t\t\t\t\t\t\t\t\t\t\t\t<input size=\"1\" type=\"text\" name=\"form_fields[adresa]\" id=\"form-field-adresa\" class=\"elementor-field elementor-size-sm  elementor-field-textual\" required=\"required\">\n\t\t\t\t\t\t\t\t\t\t\t<\/div>\n\t\t\t\t\t\t\t\t<div class=\"elementor-field-type-text elementor-field-group elementor-column elementor-field-group-mesto elementor-col-100 elementor-field-required elementor-mark-required\">\n\t\t\t\t\t\t\t\t\t\t\t\t<label for=\"form-field-mesto\" class=\"elementor-field-label\">\n\t\t\t\t\t\t\t\tM\u011bsto\t\t\t\t\t\t\t<\/label>\n\t\t\t\t\t\t\t\t\t\t\t\t\t\t<input size=\"1\" type=\"text\" name=\"form_fields[mesto]\" id=\"form-field-mesto\" class=\"elementor-field elementor-size-sm  elementor-field-textual\" required=\"required\">\n\t\t\t\t\t\t\t\t\t\t\t<\/div>\n\t\t\t\t\t\t\t\t<div class=\"elementor-field-type-text elementor-field-group elementor-column elementor-field-group-psc elementor-col-100 elementor-field-required elementor-mark-required\">\n\t\t\t\t\t\t\t\t\t\t\t\t<label for=\"form-field-psc\" class=\"elementor-field-label\">\n\t\t\t\t\t\t\t\tPS\u010c\t\t\t\t\t\t\t<\/label>\n\t\t\t\t\t\t\t\t\t\t\t\t\t\t<input size=\"1\" type=\"text\" name=\"form_fields[psc]\" id=\"form-field-psc\" class=\"elementor-field elementor-size-sm  elementor-field-textual\" required=\"required\">\n\t\t\t\t\t\t\t\t\t\t\t<\/div>\n\t\t\t\t\t\t\t\t<div class=\"elementor-field-type-select elementor-field-group elementor-column elementor-field-group-stat elementor-col-100 elementor-field-required elementor-mark-required\">\n\t\t\t\t\t\t\t\t\t\t\t\t<label for=\"form-field-stat\" class=\"elementor-field-label\">\n\t\t\t\t\t\t\t\tSt\u00e1t\t\t\t\t\t\t\t<\/label>\n\t\t\t\t\t\t\t\t<div class=\"elementor-field elementor-select-wrapper remove-before \">\n\t\t\t<div class=\"select-caret-down-wrapper\">\n\t\t\t\t<i aria-hidden=\"true\" class=\"eicon-caret-down\"><\/i>\t\t\t<\/div>\n\t\t\t<select name=\"form_fields[stat]\" id=\"form-field-stat\" class=\"elementor-field-textual elementor-size-sm\" required=\"required\">\n\t\t\t\t\t\t\t\t\t<option value=\"\u010cesk\u00e1 republika\" selected=\"selected\">\u010cesk\u00e1 republika<\/option>\n\t\t\t\t\t\t\t\t\t<option value=\"Slovensko\">Slovensko<\/option>\n\t\t\t\t\t\t\t<\/select>\n\t\t<\/div>\n\t\t\t\t\t\t<\/div>\n\t\t\t\t\t\t\t\t<div class=\"elementor-field-type-text elementor-field-group elementor-column elementor-field-group-pozice elementor-col-100 elementor-field-required elementor-mark-required\">\n\t\t\t\t\t\t\t\t\t\t\t\t<label for=\"form-field-pozice\" class=\"elementor-field-label\">\n\t\t\t\t\t\t\t\tPozice ve firm\u011b\t\t\t\t\t\t\t<\/label>\n\t\t\t\t\t\t\t\t\t\t\t\t\t\t<input size=\"1\" type=\"text\" name=\"form_fields[pozice]\" id=\"form-field-pozice\" class=\"elementor-field elementor-size-sm  elementor-field-textual\" required=\"required\">\n\t\t\t\t\t\t\t\t\t\t\t<\/div>\n\t\t\t\t\t\t\t\t<div class=\"elementor-field-type-text elementor-field-group elementor-column elementor-field-group-utvar elementor-col-100 elementor-field-required elementor-mark-required\">\n\t\t\t\t\t\t\t\t\t\t\t\t<label for=\"form-field-utvar\" class=\"elementor-field-label\">\n\t\t\t\t\t\t\t\t\u00datvar, ve kter\u00e9m pracujete\t\t\t\t\t\t\t<\/label>\n\t\t\t\t\t\t\t\t\t\t\t\t\t\t<input size=\"1\" type=\"text\" name=\"form_fields[utvar]\" id=\"form-field-utvar\" class=\"elementor-field elementor-size-sm  elementor-field-textual\" required=\"required\">\n\t\t\t\t\t\t\t\t\t\t\t<\/div>\n\t\t\t\t\t\t\t\t<div class=\"elementor-field-type-radio elementor-field-group elementor-column elementor-field-group-zkusenosti elementor-col-100 elementor-field-required elementor-mark-required\">\n\t\t\t\t\t\t\t\t\t\t\t\t<label for=\"form-field-zkusenosti\" class=\"elementor-field-label\">\n\t\t\t\t\t\t\t\tJak\u00e9 jsou Va\u0161e zku\u0161enosti s Tableau\t\t\t\t\t\t\t<\/label>\n\t\t\t\t\t\t<div class=\"elementor-field-subgroup  \"><span class=\"elementor-field-option\"><input type=\"radio\" value=\"\u017e\u00e1dn\u00e9\" id=\"form-field-zkusenosti-0\" name=\"form_fields[zkusenosti]\" required=\"required\"> <label for=\"form-field-zkusenosti-0\">\u017e\u00e1dn\u00e9<\/label><\/span><span class=\"elementor-field-option\"><input type=\"radio\" value=\"1 - 6 m\u011bs\u00edc\u016f\" id=\"form-field-zkusenosti-1\" name=\"form_fields[zkusenosti]\" required=\"required\"> <label for=\"form-field-zkusenosti-1\">1 - 6 m\u011bs\u00edc\u016f<\/label><\/span><span class=\"elementor-field-option\"><input type=\"radio\" value=\"7 - 12 m\u011bs\u00edc\u016f\" id=\"form-field-zkusenosti-2\" name=\"form_fields[zkusenosti]\" required=\"required\"> <label for=\"form-field-zkusenosti-2\">7 - 12 m\u011bs\u00edc\u016f<\/label><\/span><span class=\"elementor-field-option\"><input type=\"radio\" value=\"1 - 3 let\" id=\"form-field-zkusenosti-3\" name=\"form_fields[zkusenosti]\" required=\"required\"> <label for=\"form-field-zkusenosti-3\">1 - 3 let<\/label><\/span><span class=\"elementor-field-option\"><input type=\"radio\" value=\"4+ let\" id=\"form-field-zkusenosti-4\" name=\"form_fields[zkusenosti]\" required=\"required\"> <label for=\"form-field-zkusenosti-4\">4+ let<\/label><\/span><\/div>\t\t\t\t<\/div>\n\t\t\t\t\t\t\t\t<div class=\"elementor-field-type-textarea elementor-field-group elementor-column elementor-field-group-ocekavani elementor-col-100\">\n\t\t\t\t\t\t\t\t\t\t\t\t<label for=\"form-field-ocekavani\" class=\"elementor-field-label\">\n\t\t\t\t\t\t\t\tJak\u00e9 m\u00e1te o\u010dek\u00e1v\u00e1n\u00ed od \u0161kolen\u00ed\t\t\t\t\t\t\t<\/label>\n\t\t\t\t\t\t<textarea class=\"elementor-field-textual elementor-field  elementor-size-sm\" name=\"form_fields[ocekavani]\" id=\"form-field-ocekavani\" rows=\"4\"><\/textarea>\t\t\t\t<\/div>\n\t\t\t\t\t\t\t\t<div class=\"elementor-field-type-text elementor-field-group elementor-column elementor-field-group-slevovy_kod elementor-col-100\">\n\t\t\t\t\t\t\t\t\t\t\t\t<label for=\"form-field-slevovy_kod\" class=\"elementor-field-label\">\n\t\t\t\t\t\t\t\tSlevov\u00fd k\u00f3d\t\t\t\t\t\t\t<\/label>\n\t\t\t\t\t\t\t\t\t\t\t\t\t\t<input size=\"1\" type=\"text\" name=\"form_fields[slevovy_kod]\" id=\"form-field-slevovy_kod\" class=\"elementor-field elementor-size-sm  elementor-field-textual\">\n\t\t\t\t\t\t\t\t\t\t\t<\/div>\n\t\t\t\t\t\t\t\t<div class=\"elementor-field-type-recaptcha_v3 elementor-field-group elementor-column elementor-field-group-field_44962bc elementor-col-100 recaptcha_v3-bottomright\">\n\t\t\t\t\t<div class=\"elementor-field\" id=\"form-field-field_44962bc\"><div class=\"elementor-g-recaptcha\" data-sitekey=\"6LezUukoAAAAADOOlLJvKLI9vQHPNSgXrjT2XAAY\" data-type=\"v3\" data-action=\"Form\" data-badge=\"bottomright\" data-size=\"invisible\"><\/div><\/div>\t\t\t\t<\/div>\n\t\t\t\t\t\t\t\t<div class=\"elementor-field-group elementor-column elementor-field-type-submit elementor-col-100 e-form__buttons\">\n\t\t\t\t\t<button class=\"elementor-button elementor-size-sm\" type=\"submit\">\n\t\t\t\t\t\t<span class=\"elementor-button-content-wrapper\">\n\t\t\t\t\t\t\t\t\t\t\t\t\t\t\t\t\t\t\t\t\t\t<span class=\"elementor-button-text\">Odeslat rezervaci<\/span>\n\t\t\t\t\t\t\t\t\t\t\t\t\t<\/span>\n\t\t\t\t\t<\/button>\n\t\t\t\t<\/div>\n\t\t\t<\/div>\n\t\t<\/form>\n\t\t\t\t\t\t<\/div>\n\t\t\t\t<\/div>\n\t\t\t\t<\/div>\n\t\t<div class=\"elementor-element elementor-element-fbd465d e-con-full e-flex e-con e-child\" data-id=\"fbd465d\" data-element_type=\"container\">\n\t\t\t\t<div class=\"elementor-element elementor-element-55df2fe elementor-widget elementor-widget-image\" data-id=\"55df2fe\" data-element_type=\"widget\" data-widget_type=\"image.default\">\n\t\t\t\t<div class=\"elementor-widget-container\">\n\t\t\t\t\t\t\t\t\t\t\t\t\t\t\t<img fetchpriority=\"high\" decoding=\"async\" width=\"512\" height=\"512\" src=\"https:\/\/datascope.cz\/domains\/datascope.cz\/wp-content\/uploads\/2025\/10\/training-intermediate.png\" class=\"attachment-full size-full wp-image-2591\" alt=\"\" srcset=\"https:\/\/datascope.cz\/domains\/datascope.cz\/wp-content\/uploads\/2025\/10\/training-intermediate.png 512w, https:\/\/datascope.cz\/domains\/datascope.cz\/wp-content\/uploads\/2025\/10\/training-intermediate-300x300.png 300w, https:\/\/datascope.cz\/domains\/datascope.cz\/wp-content\/uploads\/2025\/10\/training-intermediate-150x150.png 150w\" sizes=\"(max-width: 512px) 100vw, 512px\" \/>\t\t\t\t\t\t\t\t\t\t\t\t\t\t\t<\/div>\n\t\t\t\t<\/div>\n\t\t\t\t<\/div>\n\t\t\t\t\t<\/div>\n\t\t\t\t<\/div>\n\t\t\t\t<\/div>\n\t\t","protected":false},"excerpt":{"rendered":"<p>Rezervace Tableau \u0161kolen\u00ed Intermediate Jsme r\u00e1di, \u017ee m\u00e1te z\u00e1jem o dvoudenn\u00ed Tableau \u0161kolen\u00ed Intermediate. Pros\u00edm vypl\u0148te registra\u010dn\u00ed formul\u00e1\u0159.<\/p>\n","protected":false},"author":1,"featured_media":0,"parent":0,"menu_order":0,"comment_status":"closed","ping_status":"closed","template":"","meta":{"footnotes":""},"class_list":["post-692","page","type-page","status-publish","hentry"],"_links":{"self":[{"href":"https:\/\/datascope.cz\/cs\/wp-json\/wp\/v2\/pages\/692","targetHints":{"allow":["GET"]}}],"collection":[{"href":"https:\/\/datascope.cz\/cs\/wp-json\/wp\/v2\/pages"}],"about":[{"href":"https:\/\/datascope.cz\/cs\/wp-json\/wp\/v2\/types\/page"}],"author":[{"embeddable":true,"href":"https:\/\/datascope.cz\/cs\/wp-json\/wp\/v2\/users\/1"}],"replies":[{"embeddable":true,"href":"https:\/\/datascope.cz\/cs\/wp-json\/wp\/v2\/comments?post=692"}],"version-history":[{"count":18,"href":"https:\/\/datascope.cz\/cs\/wp-json\/wp\/v2\/pages\/692\/revisions"}],"predecessor-version":[{"id":3041,"href":"https:\/\/datascope.cz\/cs\/wp-json\/wp\/v2\/pages\/692\/revisions\/3041"}],"wp:attachment":[{"href":"https:\/\/datascope.cz\/cs\/wp-json\/wp\/v2\/media?parent=692"}],"curies":[{"name":"wp","href":"https:\/\/api.w.org\/{rel}","templated":true}]}}