{"id":1407,"date":"2023-10-20T10:47:13","date_gmt":"2023-10-20T08:47:13","guid":{"rendered":"https:\/\/datascope.cz\/?page_id=1407"},"modified":"2024-11-13T11:00:09","modified_gmt":"2024-11-13T10:00:09","slug":"tableau-skoleni-advanced","status":"publish","type":"page","link":"https:\/\/datascope.cz\/en\/tableau-skoleni-advanced\/","title":{"rendered":"Tableau Advanced"},"content":{"rendered":"<div data-elementor-type=\"wp-page\" data-elementor-id=\"1407\" class=\"elementor elementor-1407\" data-elementor-post-type=\"page\">\n\t\t\t\t<div class=\"elementor-element elementor-element-4d42052 e-flex e-con-boxed e-con e-parent\" data-id=\"4d42052\" data-element_type=\"container\" data-settings=\"{&quot;background_background&quot;:&quot;classic&quot;}\">\n\t\t\t\t\t<div class=\"e-con-inner\">\n\t\t\t\t<div class=\"elementor-element elementor-element-1ef083fd elementor-widget elementor-widget-spacer\" data-id=\"1ef083fd\" data-element_type=\"widget\" data-widget_type=\"spacer.default\">\n\t\t\t\t<div class=\"elementor-widget-container\">\n\t\t\t\t\t\t\t<div class=\"elementor-spacer\">\n\t\t\t<div class=\"elementor-spacer-inner\"><\/div>\n\t\t<\/div>\n\t\t\t\t\t\t<\/div>\n\t\t\t\t<\/div>\n\t\t\t\t<div class=\"elementor-element elementor-element-6a28143e elementor-widget elementor-widget-text-editor\" data-id=\"6a28143e\" data-element_type=\"widget\" data-widget_type=\"text-editor.default\">\n\t\t\t\t<div class=\"elementor-widget-container\">\n\t\t\t\t\t\t\t\t\t<p>Become Tableau wizard<\/p>\t\t\t\t\t\t\t\t<\/div>\n\t\t\t\t<\/div>\n\t\t\t\t<div class=\"elementor-element elementor-element-a7bfad5 elementor-widget__width-initial elementor-widget elementor-widget-heading\" data-id=\"a7bfad5\" data-element_type=\"widget\" data-widget_type=\"heading.default\">\n\t\t\t\t<div class=\"elementor-widget-container\">\n\t\t\t\t\t<h1 class=\"elementor-heading-title elementor-size-default\">Advanced Tableau \u0161kolen\u00ed<\/h1>\t\t\t\t<\/div>\n\t\t\t\t<\/div>\n\t\t\t\t<div class=\"elementor-element elementor-element-d9e0cc1 elementor-widget elementor-widget-heading\" data-id=\"d9e0cc1\" data-element_type=\"widget\" data-widget_type=\"heading.default\">\n\t\t\t\t<div class=\"elementor-widget-container\">\n\t\t\t\t\t<h2 class=\"elementor-heading-title elementor-size-default\"><a href=\"https:\/\/datascope.cz\/en\/o-nas\/\">Individu\u00e1ln\u00ed nab\u00eddka \u0161kolen\u00ed podle Va\u0161ich po\u017eadavk\u016f<\/a><\/h2>\t\t\t\t<\/div>\n\t\t\t\t<\/div>\n\t\t\t\t<div class=\"elementor-element elementor-element-a7b11b8 elementor-widget elementor-widget-spacer\" data-id=\"a7b11b8\" data-element_type=\"widget\" data-widget_type=\"spacer.default\">\n\t\t\t\t<div class=\"elementor-widget-container\">\n\t\t\t\t\t\t\t<div class=\"elementor-spacer\">\n\t\t\t<div class=\"elementor-spacer-inner\"><\/div>\n\t\t<\/div>\n\t\t\t\t\t\t<\/div>\n\t\t\t\t<\/div>\n\t\t\t\t<div class=\"elementor-element elementor-element-17802eba elementor-widget__width-initial elementor-widget elementor-widget-text-editor\" data-id=\"17802eba\" data-element_type=\"widget\" data-widget_type=\"text-editor.default\">\n\t\t\t\t<div class=\"elementor-widget-container\">\n\t\t\t\t\t\t\t\t\t<ol><li><strong>Tableau Desktop<\/strong> \u2013 vytvo\u0159en\u00ed interaktivn\u00edho dashboardu<br \/><br \/><\/li><li><strong>Calculations<\/strong> &#8211; v\u00fdpo\u010dtov\u00e9 pole a automatick\u00e1\u00a0 parametrizace<br \/><br \/><\/li><li><strong>Dashboard<\/strong> \u2013 tvorba, \u00fapravy a mo\u017enosti mobiln\u00edch zobrazen\u00ed<br \/><br \/><\/li><li><strong>Custom Maps<\/strong> \u2013 import custom geocoding, spatial file, mapbox<br \/><br \/><\/li><li><strong>Visualization patterns<\/strong> \u2013 tvorba nejen 24 typ\u016f vizualizac\u00ed<br \/><br \/><\/li><li><strong>Anal\u00fdzy na klik<\/strong> &#8211; Pareto anal\u00fdza, Kohort anal\u00fdza, akvizice\/retence<br \/><br \/><\/li><li><strong>Data preparation<\/strong> &#8211; Join, Blending, Relations a optimalizace extraktu<br \/><br \/><\/li><li><strong>Level of detail<\/strong> \u2013 kalkulovan\u00e9 funkce Fixed, Include, Exclude<br \/><br \/><\/li><li><strong>Tableau Prep<\/strong> \u2013 popis a vytvo\u0159en\u00ed kombinovan\u00e9ho datov\u00e9ho zdroje<br \/><br \/><\/li><li><strong>Story telling<\/strong> \u2013 vyu\u017eijte Tableau naplno pro interaktivn\u00ed\u00a0 prezentaci<\/li><\/ol>\t\t\t\t\t\t\t\t<\/div>\n\t\t\t\t<\/div>\n\t\t\t\t<div class=\"elementor-element elementor-element-714d49f elementor-widget elementor-widget-button\" data-id=\"714d49f\" data-element_type=\"widget\" data-widget_type=\"button.default\">\n\t\t\t\t<div class=\"elementor-widget-container\">\n\t\t\t\t\t\t\t\t\t<div class=\"elementor-button-wrapper\">\n\t\t\t\t\t<a class=\"elementor-button elementor-button-link elementor-size-sm\" href=\"https:\/\/datascope.cz\/en\/o-nas\/\">\n\t\t\t\t\t\t<span class=\"elementor-button-content-wrapper\">\n\t\t\t\t\t\t\t\t\t<span class=\"elementor-button-text\">Contact us<\/span>\n\t\t\t\t\t<\/span>\n\t\t\t\t\t<\/a>\n\t\t\t\t<\/div>\n\t\t\t\t\t\t\t\t<\/div>\n\t\t\t\t<\/div>\n\t\t\t\t\t<\/div>\n\t\t\t\t<\/div>\n\t\t\t\t<\/div>","protected":false},"excerpt":{"rendered":"<p>Become Tableau wizard Advanced Tableau \u0161kolen\u00ed Individu\u00e1ln\u00ed nab\u00eddka \u0161kolen\u00ed podle Va\u0161ich po\u017eadavk\u016f Tableau Desktop \u2013 vytvo\u0159en\u00ed interaktivn\u00edho dashboardu Calculations &#8211; v\u00fdpo\u010dtov\u00e9 pole a automatick\u00e1\u00a0 parametrizace Dashboard \u2013 tvorba, \u00fapravy a mo\u017enosti mobiln\u00edch zobrazen\u00ed Custom Maps \u2013 import custom geocoding, spatial file, mapbox Vizualiza\u010dn\u00ed vzory \u2013 tvorba nejen 24 typ\u016f vizualizac\u00ed Anal\u00fdzy na klik &#8211; Pareto [&hellip;]<\/p>","protected":false},"author":1,"featured_media":0,"parent":0,"menu_order":0,"comment_status":"closed","ping_status":"closed","template":"","meta":{"footnotes":""},"class_list":["post-1407","page","type-page","status-publish","hentry"],"_links":{"self":[{"href":"https:\/\/datascope.cz\/en\/wp-json\/wp\/v2\/pages\/1407","targetHints":{"allow":["GET"]}}],"collection":[{"href":"https:\/\/datascope.cz\/en\/wp-json\/wp\/v2\/pages"}],"about":[{"href":"https:\/\/datascope.cz\/en\/wp-json\/wp\/v2\/types\/page"}],"author":[{"embeddable":true,"href":"https:\/\/datascope.cz\/en\/wp-json\/wp\/v2\/users\/1"}],"replies":[{"embeddable":true,"href":"https:\/\/datascope.cz\/en\/wp-json\/wp\/v2\/comments?post=1407"}],"version-history":[{"count":0,"href":"https:\/\/datascope.cz\/en\/wp-json\/wp\/v2\/pages\/1407\/revisions"}],"wp:attachment":[{"href":"https:\/\/datascope.cz\/en\/wp-json\/wp\/v2\/media?parent=1407"}],"curies":[{"name":"wp","href":"https:\/\/api.w.org\/{rel}","templated":true}]}}