{"id":2074,"date":"2024-03-12T10:39:38","date_gmt":"2024-03-12T09:39:38","guid":{"rendered":"https:\/\/datascope.cz\/?page_id=2074"},"modified":"2024-03-12T10:43:08","modified_gmt":"2024-03-12T09:43:08","slug":"tableau-konzultace","status":"publish","type":"page","link":"https:\/\/datascope.cz\/en\/tableau-konzultace\/","title":{"rendered":"Tableau konzultace"},"content":{"rendered":"<div data-elementor-type=\"wp-page\" data-elementor-id=\"2074\" class=\"elementor elementor-2074\" data-elementor-post-type=\"page\">\n\t\t\t\t<div class=\"elementor-element elementor-element-4d42052 e-flex e-con-boxed e-con e-parent\" data-id=\"4d42052\" data-element_type=\"container\" data-settings=\"{&quot;background_background&quot;:&quot;classic&quot;}\">\n\t\t\t\t\t<div class=\"e-con-inner\">\n\t\t\t\t<div class=\"elementor-element elementor-element-1ef083fd elementor-widget elementor-widget-spacer\" data-id=\"1ef083fd\" data-element_type=\"widget\" data-widget_type=\"spacer.default\">\n\t\t\t\t<div class=\"elementor-widget-container\">\n\t\t\t\t\t\t\t<div class=\"elementor-spacer\">\n\t\t\t<div class=\"elementor-spacer-inner\"><\/div>\n\t\t<\/div>\n\t\t\t\t\t\t<\/div>\n\t\t\t\t<\/div>\n\t\t\t\t<div class=\"elementor-element elementor-element-6a28143e elementor-widget elementor-widget-text-editor\" data-id=\"6a28143e\" data-element_type=\"widget\" data-widget_type=\"text-editor.default\">\n\t\t\t\t<div class=\"elementor-widget-container\">\n\t\t\t\t\t\t\t\t\t<p>Odkryjte skute\u010dnou hodnotu va\u0161ich dat<\/p>\t\t\t\t\t\t\t\t<\/div>\n\t\t\t\t<\/div>\n\t\t\t\t<div class=\"elementor-element elementor-element-a7bfad5 elementor-widget elementor-widget-heading\" data-id=\"a7bfad5\" data-element_type=\"widget\" data-widget_type=\"heading.default\">\n\t\t\t\t<div class=\"elementor-widget-container\">\n\t\t\t\t\t<h1 class=\"elementor-heading-title elementor-size-default\">Tableau konzultace<\/h1>\t\t\t\t<\/div>\n\t\t\t\t<\/div>\n\t\t\t\t<div class=\"elementor-element elementor-element-d9e0cc1 elementor-widget elementor-widget-heading\" data-id=\"d9e0cc1\" data-element_type=\"widget\" data-widget_type=\"heading.default\">\n\t\t\t\t<div class=\"elementor-widget-container\">\n\t\t\t\t\t<h2 class=\"elementor-heading-title elementor-size-default\"><a href=\"https:\/\/datascope.cz\/en\/o-nas\/\">P\u0159iv\u00edtejte novou \u00e9ru datov\u00e9 anal\u00fdzy \ud83d\udcc8<\/a><\/h2>\t\t\t\t<\/div>\n\t\t\t\t<\/div>\n\t\t\t\t<div class=\"elementor-element elementor-element-17802eba elementor-widget__width-initial elementor-widget elementor-widget-text-editor\" data-id=\"17802eba\" data-element_type=\"widget\" data-widget_type=\"text-editor.default\">\n\t\t\t\t<div class=\"elementor-widget-container\">\n\t\t\t\t\t\t\t\t\t<p>V na\u0161\u00ed digit\u00e1ln\u00ed dob\u011b jsou data nejcenn\u011bj\u0161\u00edm aktivem va\u0161\u00ed spole\u010dnosti. Transformujeme va\u0161e rozs\u00e1hl\u00e9 a komplexn\u00ed datasety na jednoduch\u00e9, srozumiteln\u00e9 a interaktivn\u00ed vizualizace. Na\u0161e slu\u017eby a Tableau konzultace v\u00e1m pomohou odhalit skryt\u00e9 p\u0159\u00edle\u017eitosti, optimalizovat procesy a zefektivnit rozhodov\u00e1n\u00ed na z\u00e1klad\u011b dat.<\/p>\t\t\t\t\t\t\t\t<\/div>\n\t\t\t\t<\/div>\n\t\t\t\t<div class=\"elementor-element elementor-element-714d49f elementor-widget elementor-widget-button\" data-id=\"714d49f\" data-element_type=\"widget\" data-widget_type=\"button.default\">\n\t\t\t\t<div class=\"elementor-widget-container\">\n\t\t\t\t\t\t\t\t\t<div class=\"elementor-button-wrapper\">\n\t\t\t\t\t<a class=\"elementor-button elementor-button-link elementor-size-sm\" href=\"https:\/\/datascope.cz\/en\/o-nas\/\">\n\t\t\t\t\t\t<span class=\"elementor-button-content-wrapper\">\n\t\t\t\t\t\t\t\t\t<span class=\"elementor-button-text\">Contact us<\/span>\n\t\t\t\t\t<\/span>\n\t\t\t\t\t<\/a>\n\t\t\t\t<\/div>\n\t\t\t\t\t\t\t\t<\/div>\n\t\t\t\t<\/div>\n\t\t\t\t\t<\/div>\n\t\t\t\t<\/div>\n\t\t\t\t<\/div>","protected":false},"excerpt":{"rendered":"<p>Odkryjte skute\u010dnou hodnotu va\u0161ich dat Tableau konzultace P\u0159iv\u00edtejte novou \u00e9ru datov\u00e9 anal\u00fdzy \ud83d\udcc8 V na\u0161\u00ed digit\u00e1ln\u00ed dob\u011b jsou data nejcenn\u011bj\u0161\u00edm aktivem va\u0161\u00ed spole\u010dnosti. Transformujeme va\u0161e rozs\u00e1hl\u00e9 a komplexn\u00ed datasety na jednoduch\u00e9, srozumiteln\u00e9 a interaktivn\u00ed vizualizace. Na\u0161e slu\u017eby a Tableau konzultace v\u00e1m pomohou odhalit skryt\u00e9 p\u0159\u00edle\u017eitosti, optimalizovat procesy a zefektivnit rozhodov\u00e1n\u00ed na z\u00e1klad\u011b dat. Kontaktujte n\u00e1s<\/p>","protected":false},"author":1,"featured_media":0,"parent":0,"menu_order":0,"comment_status":"closed","ping_status":"closed","template":"","meta":{"footnotes":""},"class_list":["post-2074","page","type-page","status-publish","hentry"],"_links":{"self":[{"href":"https:\/\/datascope.cz\/en\/wp-json\/wp\/v2\/pages\/2074","targetHints":{"allow":["GET"]}}],"collection":[{"href":"https:\/\/datascope.cz\/en\/wp-json\/wp\/v2\/pages"}],"about":[{"href":"https:\/\/datascope.cz\/en\/wp-json\/wp\/v2\/types\/page"}],"author":[{"embeddable":true,"href":"https:\/\/datascope.cz\/en\/wp-json\/wp\/v2\/users\/1"}],"replies":[{"embeddable":true,"href":"https:\/\/datascope.cz\/en\/wp-json\/wp\/v2\/comments?post=2074"}],"version-history":[{"count":0,"href":"https:\/\/datascope.cz\/en\/wp-json\/wp\/v2\/pages\/2074\/revisions"}],"wp:attachment":[{"href":"https:\/\/datascope.cz\/en\/wp-json\/wp\/v2\/media?parent=2074"}],"curies":[{"name":"wp","href":"https:\/\/api.w.org\/{rel}","templated":true}]}}